{"id":3,"date":"2024-09-24T09:45:33","date_gmt":"2024-09-24T09:45:33","guid":{"rendered":"https:\/\/autodijagnostikasrbija.rs\/?page_id=3"},"modified":"2024-12-08T19:31:39","modified_gmt":"2024-12-08T19:31:39","slug":"nacin-isporuke","status":"publish","type":"page","link":"https:\/\/autodijagnostikasrbija.rs\/en\/nacin-isporuke\/","title":{"rendered":"Na\u010din isporuke"},"content":{"rendered":"<div class=\"fusion-fullwidth fullwidth-box fusion-builder-row-1 fusion-flex-container has-pattern-background has-mask-background nonhundred-percent-fullwidth non-hundred-percent-height-scrolling\" style=\"--awb-border-radius-top-left:0px;--awb-border-radius-top-right:0px;--awb-border-radius-bottom-right:0px;--awb-border-radius-bottom-left:0px;--awb-flex-wrap:wrap;\" ><div class=\"fusion-builder-row fusion-row fusion-flex-align-items-flex-start fusion-flex-content-wrap\" style=\"max-width:1040px;margin-left: calc(-4% \/ 2 );margin-right: calc(-4% \/ 2 );\"><div class=\"fusion-layout-column fusion_builder_column fusion-builder-column-0 fusion_builder_column_1_1 1_1 fusion-flex-column\" style=\"--awb-bg-size:cover;--awb-width-large:100%;--awb-margin-top-large:0px;--awb-spacing-right-large:1.92%;--awb-margin-bottom-large:20px;--awb-spacing-left-large:1.92%;--awb-width-medium:100%;--awb-order-medium:0;--awb-spacing-right-medium:1.92%;--awb-spacing-left-medium:1.92%;--awb-width-small:100%;--awb-order-small:0;--awb-spacing-right-small:1.92%;--awb-spacing-left-small:1.92%;\"><div class=\"fusion-column-wrapper fusion-column-has-shadow fusion-flex-justify-content-flex-start fusion-content-layout-column\"><div class=\"fusion-text fusion-text-1 boldovano\"><h1>DELIVERY METHODS<\/h1>\n<p>Isporuku vr\u0161imo na teritoriji cele Srbije preko kurirske slu\u017ebe BeX ili AKS, principom danas za sutra, a ukoliko je potrebno dopremanje robe iz centralnog magacina isporuka se mo\u017ee o\u010dekivati od 1 do 5 radnih dana.<\/p>\n<p>After receiving your order, our staff will contact you to provide accurate information about the delivery timeline.<\/p>\n<p><strong>CALCULATION OF DELIVERY COSTS<\/strong><\/p>\n<p>Due to changes in the delivery cost calculation by the courier service, the delivery price may vary depending on the weight and size of the package, as well as the destination of the shipment.<\/p>\n<p>For more details about delivery costs, please visit our website:<\/p>\n<ul>\n<li><a href=\"https:\/\/bexexpress.rs\/cenovnik\" style=\"color:blue;\" target=\"_blank\" rel=\"noopener\">BeX cenovnik<\/a><\/li>\n<li><a href=\"https:\/\/www.aks.rs\/cenovnik\/\" style=\"color:blue;\" target=\"_blank\" rel=\"noopener\">AKS cenovnik<\/a><\/li>\n<\/ul>\n<\/div><div class=\"fusion-image-element\" style=\"--awb-caption-title-font-family:var(--h2_typography-font-family);--awb-caption-title-font-weight:var(--h2_typography-font-weight);--awb-caption-title-font-style:var(--h2_typography-font-style);--awb-caption-title-size:var(--h2_typography-font-size);--awb-caption-title-transform:var(--h2_typography-text-transform);--awb-caption-title-line-height:var(--h2_typography-line-height);--awb-caption-title-letter-spacing:var(--h2_typography-letter-spacing);\"><span class=\"fusion-imageframe imageframe-none imageframe-1 hover-type-none\"><img decoding=\"async\" width=\"322\" height=\"322\" title=\"vrata-do-vrata-isporuka\" src=\"https:\/\/autodijagnostikasrbija.rs\/wp-content\/uploads\/2024\/10\/vrata-do-vrata-isporuka.png\" alt class=\"img-responsive wp-image-610\" srcset=\"https:\/\/autodijagnostikasrbija.rs\/wp-content\/uploads\/2024\/10\/vrata-do-vrata-isporuka-200x200.png 200w, https:\/\/autodijagnostikasrbija.rs\/wp-content\/uploads\/2024\/10\/vrata-do-vrata-isporuka.png 322w\" sizes=\"(max-width: 640px) 100vw, 322px\" \/><\/span><\/div><\/div><\/div><\/div><\/div>","protected":false},"excerpt":{"rendered":"","protected":false},"author":1,"featured_media":0,"parent":0,"menu_order":0,"comment_status":"closed","ping_status":"closed","template":"100-width.php","meta":{"footnotes":""},"class_list":["post-3","page","type-page","status-publish","hentry"],"jetpack_sharing_enabled":true,"_links":{"self":[{"href":"https:\/\/autodijagnostikasrbija.rs\/en\/wp-json\/wp\/v2\/pages\/3","targetHints":{"allow":["GET"]}}],"collection":[{"href":"https:\/\/autodijagnostikasrbija.rs\/en\/wp-json\/wp\/v2\/pages"}],"about":[{"href":"https:\/\/autodijagnostikasrbija.rs\/en\/wp-json\/wp\/v2\/types\/page"}],"author":[{"embeddable":true,"href":"https:\/\/autodijagnostikasrbija.rs\/en\/wp-json\/wp\/v2\/users\/1"}],"replies":[{"embeddable":true,"href":"https:\/\/autodijagnostikasrbija.rs\/en\/wp-json\/wp\/v2\/comments?post=3"}],"version-history":[{"count":6,"href":"https:\/\/autodijagnostikasrbija.rs\/en\/wp-json\/wp\/v2\/pages\/3\/revisions"}],"predecessor-version":[{"id":1011,"href":"https:\/\/autodijagnostikasrbija.rs\/en\/wp-json\/wp\/v2\/pages\/3\/revisions\/1011"}],"wp:attachment":[{"href":"https:\/\/autodijagnostikasrbija.rs\/en\/wp-json\/wp\/v2\/media?parent=3"}],"curies":[{"name":"wp","href":"https:\/\/api.w.org\/{rel}","templated":true}]}}