{"id":1192,"date":"2024-12-18T12:18:34","date_gmt":"2024-12-18T12:18:34","guid":{"rendered":"https:\/\/autodijagnostikasrbija.rs\/?post_type=product&#038;p=1192"},"modified":"2024-12-18T12:25:00","modified_gmt":"2024-12-18T12:25:00","slug":"prskalica-za-penu-pneumatska-master-1l","status":"publish","type":"product","link":"https:\/\/autodijagnostikasrbija.rs\/en\/proizvod\/prskalica-za-penu-pneumatska-master-1l\/","title":{"rendered":"MaxShine Prskalica Za Penu Pneumatska Master 1L"},"content":{"rendered":"<div style=\"width: 640px;\" class=\"wp-video\"><video class=\"wp-video-shortcode\" id=\"video-1192-1\" width=\"640\" height=\"360\" preload=\"metadata\" controls=\"controls\"><source type=\"video\/mp4\" src=\"https:\/\/autodijagnostikasrbija.rs\/wp-content\/uploads\/2024\/12\/Prskalica-Za-Penu-Pneumatska-Master-1L.mp4?_=1\" \/><a href=\"https:\/\/autodijagnostikasrbija.rs\/wp-content\/uploads\/2024\/12\/Prskalica-Za-Penu-Pneumatska-Master-1L.mp4\">https:\/\/autodijagnostikasrbija.rs\/wp-content\/uploads\/2024\/12\/Prskalica-Za-Penu-Pneumatska-Master-1L.mp4<\/a><\/video><\/div>","protected":false},"excerpt":{"rendered":"<p>Features:<\/p>\n<ul>\n<li>Podesiva lepeza prskanja sa pode\u0161avanjem od 360 stepeni<\/li>\n<li>Pogodan za \u0161irok spektar pranja pod pritiskom, dolazi sa podesivim 1\/4\u2033 adapterom za brzo isklju\u010divanje.<\/li>\n<li>Kanister od 1L sa \u0161irokim otvorom<\/li>\n<li>Konstrukcija integrisanih bakarnih livenih delova, sna\u017eno zaptiveni. Pena je te\u0161ka i glatka.<\/li>\n<li>Lako punjenje sa \u0161irokim otvorom.<\/li>\n<\/ul>\n<p><strong>NAPOMENA: Spojnica za spajanje na pu\u0161ku za pranje ne dolazi u pakovanju!<\/strong><br \/>\nSpecifikacija:<\/p>\n<ul>\n<li>Kapacitet: 1L<\/li>\n<li>Te\u017eina: 0,63 kg<\/li>\n<li>Ulaz: 1\/4\u201dF<\/li>\n<li>Minimalni pritisak: 60 bar<\/li>\n<li>Minimalni protok: 5 l\/min<\/li>\n<li>Najvi\u0161a temperatura: 60\u00b0C<\/li>\n<li>Pre\u010dnik mlaznice: 1-1\/4\u201d<\/li>\n<li>Maksimalni protok: 20 l\/min<\/li>\n<\/ul>\n<p>UPUTSTVO ZA UPOTREBU:<br \/>\n1. Napunite bocu sa \u017eeljenom koli\u010dinom te\u010dno\u0161c\u0301u sredstava za \u010di\u0161c\u0301enje.<br \/>\n2. Napunite bocu sa te\u010dno\u0161c\u0301u vodom (za najbolje rezultate koristite toplu vodu, preporu\u010duje se 20% sredstava za \u010di\u0161c\u0301enje +80% vode). Koristite samo sa sve\u017eom ili dejonizovanom vodom.<br \/>\n3. Protresite bocu sa te\u010dno\u0161c\u0301u da se sredstva za \u010di\u0161c\u0301enje dobro pome\u0161aju sa vodom.<br \/>\n4. Pri\u010dvrstite bocu sa te\u010dno\u0161c\u0301u na jedinicu.<br \/>\n5. Pri\u010dvrstite priklju\u010dak\/adapter na pi\u0161tolj za pranje pod pritiskom i u\u017eivajte.<\/p>","protected":false},"featured_media":1194,"template":"","meta":[],"product_brand":[],"product_cat":[50],"product_tag":[],"class_list":{"0":"post-1192","1":"product","2":"type-product","3":"status-publish","4":"has-post-thumbnail","6":"product_cat-prskalice","8":"first","9":"instock","10":"shipping-taxable","11":"purchasable","12":"product-type-simple"},"jetpack_sharing_enabled":true,"_links":{"self":[{"href":"https:\/\/autodijagnostikasrbija.rs\/en\/wp-json\/wp\/v2\/product\/1192","targetHints":{"allow":["GET"]}}],"collection":[{"href":"https:\/\/autodijagnostikasrbija.rs\/en\/wp-json\/wp\/v2\/product"}],"about":[{"href":"https:\/\/autodijagnostikasrbija.rs\/en\/wp-json\/wp\/v2\/types\/product"}],"wp:featuredmedia":[{"embeddable":true,"href":"https:\/\/autodijagnostikasrbija.rs\/en\/wp-json\/wp\/v2\/media\/1194"}],"wp:attachment":[{"href":"https:\/\/autodijagnostikasrbija.rs\/en\/wp-json\/wp\/v2\/media?parent=1192"}],"wp:term":[{"taxonomy":"product_brand","embeddable":true,"href":"https:\/\/autodijagnostikasrbija.rs\/en\/wp-json\/wp\/v2\/product_brand?post=1192"},{"taxonomy":"product_cat","embeddable":true,"href":"https:\/\/autodijagnostikasrbija.rs\/en\/wp-json\/wp\/v2\/product_cat?post=1192"},{"taxonomy":"product_tag","embeddable":true,"href":"https:\/\/autodijagnostikasrbija.rs\/en\/wp-json\/wp\/v2\/product_tag?post=1192"}],"curies":[{"name":"wp","href":"https:\/\/api.w.org\/{rel}","templated":true}]}}