{"id":1196,"date":"2024-12-18T12:23:06","date_gmt":"2024-12-18T12:23:06","guid":{"rendered":"https:\/\/autodijagnostikasrbija.rs\/?post_type=product&#038;p=1196"},"modified":"2024-12-18T12:23:52","modified_gmt":"2024-12-18T12:23:52","slug":"maxshine-prskalica-za-penu-pneumatska-1l","status":"publish","type":"product","link":"https:\/\/autodijagnostikasrbija.rs\/en\/proizvod\/maxshine-prskalica-za-penu-pneumatska-1l\/","title":{"rendered":"MaxShine Prskalica Za Penu Pneumatska 1L"},"content":{"rendered":"<div style=\"width: 640px;\" class=\"wp-video\"><video class=\"wp-video-shortcode\" id=\"video-1196-1\" width=\"640\" height=\"360\" preload=\"metadata\" controls=\"controls\"><source type=\"video\/mp4\" src=\"https:\/\/autodijagnostikasrbija.rs\/wp-content\/uploads\/2024\/12\/Prskalica-Za-Penu-Pneumatska-1L.mp4?_=1\" \/><a href=\"https:\/\/autodijagnostikasrbija.rs\/wp-content\/uploads\/2024\/12\/Prskalica-Za-Penu-Pneumatska-1L.mp4\">https:\/\/autodijagnostikasrbija.rs\/wp-content\/uploads\/2024\/12\/Prskalica-Za-Penu-Pneumatska-1L.mp4<\/a><\/video><\/div>","protected":false},"excerpt":{"rendered":"<p>Pri\u010dvr\u0161c\u0301uje se direktno na bilo koju ma\u0161inu za pranje pod pritiskom.<br \/>\nPrecizno me\u0161ajte deterd\u017eente sa penom da biste dobili gustu, bogatu penu za uklanjanje prljav\u0161tine i ostataka.<br \/>\nPodesiva \u0161irina prskanja pod \u0161irokim uglom.<br \/>\nRadni pritisak: 70bar<br \/>\nProtok: 20 l\/min<br \/>\n<strong>NAPOMENA: Spojnica za spajanje na pu\u0161ku za pranje ne dolazi u pakovanju!<\/strong><\/p>","protected":false},"featured_media":1198,"template":"","meta":[],"product_brand":[],"product_cat":[50],"product_tag":[],"class_list":{"0":"post-1196","1":"product","2":"type-product","3":"status-publish","4":"has-post-thumbnail","6":"product_cat-prskalice","8":"first","9":"instock","10":"shipping-taxable","11":"purchasable","12":"product-type-simple"},"jetpack_sharing_enabled":true,"_links":{"self":[{"href":"https:\/\/autodijagnostikasrbija.rs\/en\/wp-json\/wp\/v2\/product\/1196","targetHints":{"allow":["GET"]}}],"collection":[{"href":"https:\/\/autodijagnostikasrbija.rs\/en\/wp-json\/wp\/v2\/product"}],"about":[{"href":"https:\/\/autodijagnostikasrbija.rs\/en\/wp-json\/wp\/v2\/types\/product"}],"wp:featuredmedia":[{"embeddable":true,"href":"https:\/\/autodijagnostikasrbija.rs\/en\/wp-json\/wp\/v2\/media\/1198"}],"wp:attachment":[{"href":"https:\/\/autodijagnostikasrbija.rs\/en\/wp-json\/wp\/v2\/media?parent=1196"}],"wp:term":[{"taxonomy":"product_brand","embeddable":true,"href":"https:\/\/autodijagnostikasrbija.rs\/en\/wp-json\/wp\/v2\/product_brand?post=1196"},{"taxonomy":"product_cat","embeddable":true,"href":"https:\/\/autodijagnostikasrbija.rs\/en\/wp-json\/wp\/v2\/product_cat?post=1196"},{"taxonomy":"product_tag","embeddable":true,"href":"https:\/\/autodijagnostikasrbija.rs\/en\/wp-json\/wp\/v2\/product_tag?post=1196"}],"curies":[{"name":"wp","href":"https:\/\/api.w.org\/{rel}","templated":true}]}}