{"id":1207,"date":"2024-12-18T14:36:51","date_gmt":"2024-12-18T14:36:51","guid":{"rendered":"https:\/\/autodijagnostikasrbija.rs\/?post_type=product&#038;p=1207"},"modified":"2024-12-18T14:57:12","modified_gmt":"2024-12-18T14:57:12","slug":"sco50-penomat-50l","status":"publish","type":"product","link":"https:\/\/autodijagnostikasrbija.rs\/en\/proizvod\/sco50-penomat-50l\/","title":{"rendered":"Penomat 50L"},"content":{"rendered":"","protected":false},"excerpt":{"rendered":"<p>Penomat je efikasna i funkcionalna oprema za pranje automobila. Zahvaljujuc\u0301i ovim jedinicama moguc\u0301e je vr\u0161iti beskontaktno pranje, kao i dezinfekciju razli\u010ditih povr\u0161ina vozila.<\/p>\n<p>Kapacitet: 50L<br \/>\nRadni pritisak: 8 bara<br \/>\nPVC crevo: 10m<br \/>\nTe\u017eina: 24kg<br \/>\nDimenzije: 40x44x107 cm<\/p>","protected":false},"featured_media":1206,"template":"","meta":[],"product_brand":[],"product_cat":[50],"product_tag":[],"class_list":{"0":"post-1207","1":"product","2":"type-product","3":"status-publish","4":"has-post-thumbnail","6":"product_cat-prskalice","8":"first","9":"instock","10":"shipping-taxable","11":"purchasable","12":"product-type-simple"},"jetpack_sharing_enabled":true,"_links":{"self":[{"href":"https:\/\/autodijagnostikasrbija.rs\/en\/wp-json\/wp\/v2\/product\/1207","targetHints":{"allow":["GET"]}}],"collection":[{"href":"https:\/\/autodijagnostikasrbija.rs\/en\/wp-json\/wp\/v2\/product"}],"about":[{"href":"https:\/\/autodijagnostikasrbija.rs\/en\/wp-json\/wp\/v2\/types\/product"}],"wp:featuredmedia":[{"embeddable":true,"href":"https:\/\/autodijagnostikasrbija.rs\/en\/wp-json\/wp\/v2\/media\/1206"}],"wp:attachment":[{"href":"https:\/\/autodijagnostikasrbija.rs\/en\/wp-json\/wp\/v2\/media?parent=1207"}],"wp:term":[{"taxonomy":"product_brand","embeddable":true,"href":"https:\/\/autodijagnostikasrbija.rs\/en\/wp-json\/wp\/v2\/product_brand?post=1207"},{"taxonomy":"product_cat","embeddable":true,"href":"https:\/\/autodijagnostikasrbija.rs\/en\/wp-json\/wp\/v2\/product_cat?post=1207"},{"taxonomy":"product_tag","embeddable":true,"href":"https:\/\/autodijagnostikasrbija.rs\/en\/wp-json\/wp\/v2\/product_tag?post=1207"}],"curies":[{"name":"wp","href":"https:\/\/api.w.org\/{rel}","templated":true}]}}