{"id":1427,"date":"2025-02-26T02:46:17","date_gmt":"2025-02-26T02:46:17","guid":{"rendered":"https:\/\/autodijagnostikasrbija.rs\/?post_type=product&#038;p=1427"},"modified":"2026-03-27T11:10:24","modified_gmt":"2026-03-27T11:10:24","slug":"vgate-icar-pro-2s","status":"publish","type":"product","link":"https:\/\/autodijagnostikasrbija.rs\/en\/proizvod\/vgate-icar-pro-2s\/","title":{"rendered":"Vgate iCar Pro 2S"},"content":{"rendered":"","protected":false},"excerpt":{"rendered":"<ul>\n<li><strong>Bluetooth 5.3:\u00a0<\/strong>Ovaj alat koristi najnoviju Bluetooth tehnologiju za brzu i stabilnu vezu, omogu\u0107uju\u0107i brzinu prijenosa podataka do 3 Mbps.<\/li>\n<li><strong>Kompatibilnost sa svim OBD2 protokolima:\u00a0<\/strong>Podr\u017eava sve standardne OBD2 protokole i komandne setove, uklju\u010duju\u0107i protokole za \u010ditanje gre\u0161aka, pra\u0107enje podataka o motoru u stvarnom vremenu i druge va\u017ene parametre.<\/li>\n<li><strong>Podr\u0161ka za hibride i elektri\u010dna vozila:\u00a0<\/strong>iCar Pro 2S nudi funkciju automatskog bu\u0111enja za elektri\u010dna vozila, kao i podr\u0161ku za nove energetske automobile, \u010dine\u0107i ga idealnim za modernu flotu vozila.<\/li>\n<li><strong>Niska potro\u0161nja energije:\u00a0<\/strong>Sa tehnologijom BatterySaver, alat automatski prelazi u stanje mirovanja sa potro\u0161njom od samo 3 mA, \u010dime \u0161tedi energiju i produ\u017eava vijek trajanja baterije va\u0161eg vozila.<\/li>\n<li><strong>Brzo i jednostavno povezivanje:\u00a0<\/strong>Za povezivanje s ure\u0111ajem, samo uklju\u010dite Bluetooth, pove\u017eite se sa &#8216;Android-Vlink&#8217; (ili odgovaraju\u0107im nazivom za iOS i Windows) i unesite PIN kod &#8216;1234&#8217;. Zatim jednostavno otvorite aplikaciju za dijagnostiku.<\/li>\n<li><strong>Besplatna a\u017euriranja firmvera:\u00a0<\/strong>Redovne nadogradnje firmvera osiguravaju da va\u0161 alat bude uvijek a\u017euriran sa najnovijim funkcijama i pobolj\u0161anjima performansi.<\/li>\n<li><strong>Kompatibilnost sa vi\u0161e aplikacija i softvera:\u00a0<\/strong>Vgate iCar Pro 2S nudi vrhunsku kompatibilnost sa raznim aplikacijama i softverima tre\u0107ih strana, omogu\u0107uju\u0107i korisnicima fleksibilnost u odabiru najboljih alata za dijagnostiku.<\/li>\n<\/ul>","protected":false},"featured_media":1430,"template":"","meta":[],"product_brand":[],"product_cat":[22],"product_tag":[],"class_list":{"0":"post-1427","1":"product","2":"type-product","3":"status-publish","4":"has-post-thumbnail","6":"product_cat-obd-ii-car-scanner","8":"first","9":"instock","10":"shipping-taxable","11":"purchasable","12":"product-type-simple"},"jetpack_sharing_enabled":true,"_links":{"self":[{"href":"https:\/\/autodijagnostikasrbija.rs\/en\/wp-json\/wp\/v2\/product\/1427","targetHints":{"allow":["GET"]}}],"collection":[{"href":"https:\/\/autodijagnostikasrbija.rs\/en\/wp-json\/wp\/v2\/product"}],"about":[{"href":"https:\/\/autodijagnostikasrbija.rs\/en\/wp-json\/wp\/v2\/types\/product"}],"wp:featuredmedia":[{"embeddable":true,"href":"https:\/\/autodijagnostikasrbija.rs\/en\/wp-json\/wp\/v2\/media\/1430"}],"wp:attachment":[{"href":"https:\/\/autodijagnostikasrbija.rs\/en\/wp-json\/wp\/v2\/media?parent=1427"}],"wp:term":[{"taxonomy":"product_brand","embeddable":true,"href":"https:\/\/autodijagnostikasrbija.rs\/en\/wp-json\/wp\/v2\/product_brand?post=1427"},{"taxonomy":"product_cat","embeddable":true,"href":"https:\/\/autodijagnostikasrbija.rs\/en\/wp-json\/wp\/v2\/product_cat?post=1427"},{"taxonomy":"product_tag","embeddable":true,"href":"https:\/\/autodijagnostikasrbija.rs\/en\/wp-json\/wp\/v2\/product_tag?post=1427"}],"curies":[{"name":"wp","href":"https:\/\/api.w.org\/{rel}","templated":true}]}}