{"id":1550,"date":"2025-06-01T15:24:22","date_gmt":"2025-06-01T15:24:22","guid":{"rendered":"https:\/\/autodijagnostikasrbija.rs\/?post_type=product&#038;p=1550"},"modified":"2026-04-10T23:29:55","modified_gmt":"2026-04-10T23:29:55","slug":"launch-s2-2-sensorbox-provera-ecu-simulacija-senzora-pomocu-multimetra","status":"publish","type":"product","link":"https:\/\/autodijagnostikasrbija.rs\/en\/proizvod\/launch-s2-2-sensorbox-provera-ecu-simulacija-senzora-pomocu-multimetra\/","title":{"rendered":"LAUNCH S2-2 Sensorbox provera ECU simulacija senzora pomo\u0107u multimetra"},"content":{"rendered":"","protected":false},"excerpt":{"rendered":"<p><strong>LAUNCH S2-2 Sensorbox \u2013 Profesionalni alat za dijagnostiku senzora i ECU jedinica<\/strong><\/p>\n<p>LAUNCH S2-2 Sensorbox je vi\u0161enamenski dijagnosti\u010dki ure\u0111aj namenjen autoservisima i tehni\u010darima koji \u017eele brzo i precizno da otkriju kvarove na vozilima. Zahvaljuju\u0107i mogu\u0107nosti simulacije senzora, omogu\u0107ava proveru rada ECU (elektronske kontrolne jedinice) bez potrebe za zamenom skupih delova \u2013 \u0161tede\u0107i vreme i novac.<\/p>\n<p>Ure\u0111aj se potpuno integri\u0161e sa X431 PRO serijom dijagnosti\u010dkih skenera, \u010dime se pro\u0161iruje funkcionalnost postoje\u0107eg alata i zna\u010dajno ubrzava proces dijagnostike.<\/p>\n<p>LAUNCH S2-2 Sensorbox je i multimetar, koji meri napon, otpor i frekvenciju, \u0161to ga \u010dini idealnim za svakodnevne elektri\u010dne provere na vozilu. Uz to, nudi jednostavan i pregledan interfejs, sa brzim pristupom pode\u0161avanjima senzora, aktuatora i talasnih oblika \u2013 sve jednim klikom.<\/p>\n<p>Ovaj ure\u0111aj je savr\u0161eno re\u0161enje za detaljno testiranje i merenje svih va\u017enih senzora u vozilu, uklju\u010duju\u0107i senzore temperature, pritiska, polo\u017eaja i mnoge druge. Bez obzira da li je re\u010d o redovnoj kontroli ili tra\u017eenju specifi\u010dnog kvara, LAUNCH S2-2 pru\u017ea preciznost, pouzdanost i profesionalne rezultate.<\/p>","protected":false},"featured_media":1564,"template":"","meta":[],"product_brand":[],"product_cat":[32,20,29],"product_tag":[],"class_list":{"0":"post-1550","1":"product","2":"type-product","3":"status-publish","4":"has-post-thumbnail","6":"product_cat-autodijagnostika","7":"product_cat-launch","8":"product_cat-testeri-akumulatora","10":"first","11":"instock","12":"sale","13":"shipping-taxable","14":"purchasable","15":"product-type-simple"},"jetpack_sharing_enabled":true,"_links":{"self":[{"href":"https:\/\/autodijagnostikasrbija.rs\/en\/wp-json\/wp\/v2\/product\/1550","targetHints":{"allow":["GET"]}}],"collection":[{"href":"https:\/\/autodijagnostikasrbija.rs\/en\/wp-json\/wp\/v2\/product"}],"about":[{"href":"https:\/\/autodijagnostikasrbija.rs\/en\/wp-json\/wp\/v2\/types\/product"}],"wp:featuredmedia":[{"embeddable":true,"href":"https:\/\/autodijagnostikasrbija.rs\/en\/wp-json\/wp\/v2\/media\/1564"}],"wp:attachment":[{"href":"https:\/\/autodijagnostikasrbija.rs\/en\/wp-json\/wp\/v2\/media?parent=1550"}],"wp:term":[{"taxonomy":"product_brand","embeddable":true,"href":"https:\/\/autodijagnostikasrbija.rs\/en\/wp-json\/wp\/v2\/product_brand?post=1550"},{"taxonomy":"product_cat","embeddable":true,"href":"https:\/\/autodijagnostikasrbija.rs\/en\/wp-json\/wp\/v2\/product_cat?post=1550"},{"taxonomy":"product_tag","embeddable":true,"href":"https:\/\/autodijagnostikasrbija.rs\/en\/wp-json\/wp\/v2\/product_tag?post=1550"}],"curies":[{"name":"wp","href":"https:\/\/api.w.org\/{rel}","templated":true}]}}