{"id":178,"date":"2024-09-24T13:12:35","date_gmt":"2024-09-24T13:12:35","guid":{"rendered":"https:\/\/autodijagnostikasrbija.rs\/?post_type=product&#038;p=178"},"modified":"2026-03-27T11:09:55","modified_gmt":"2026-03-27T11:09:55","slug":"bm","status":"publish","type":"product","link":"https:\/\/autodijagnostikasrbija.rs\/en\/proizvod\/bm\/","title":{"rendered":"vLinker BIMMERCODE BM"},"content":{"rendered":"","protected":false},"excerpt":{"rendered":"<p>V-linker BIMMERCODE BM je alat za BMW\/MINI automobile koji se jednostavno povezuje s telefonom i automatski prepoznaje kada vozilo startuje ili se gasi, omogu\u0107avaju\u0107i lako pode\u0161avanje raznih funkcija bez potrebe za \u010destim priklju\u010divanjem.<\/p>\n<p><strong>Features:<\/strong><\/p>\n<ul>\n<li>Kompatibilan sa Bimmercode \/Bimmerlink za BMW<\/li>\n<li>For BMW: E Series, F Series, G Series, I Series, R Series<\/li>\n<li>Supports Upgrade 30+ ECU Control Unit<\/li>\n<li>Automatic Wake-Up and Sleep: V-linker BM can automatically recognize the start and stop of the car, no need to plug every time<\/li>\n<li>Compatible only with Android.<\/li>\n<li>Follows your phone Language.<\/li>\n<\/ul>","protected":false},"featured_media":179,"template":"","meta":[],"product_brand":[],"product_cat":[22],"product_tag":[],"class_list":{"0":"post-178","1":"product","2":"type-product","3":"status-publish","4":"has-post-thumbnail","6":"product_cat-obd-ii-car-scanner","8":"first","9":"instock","10":"sale","11":"shipping-taxable","12":"purchasable","13":"product-type-simple"},"jetpack_sharing_enabled":true,"_links":{"self":[{"href":"https:\/\/autodijagnostikasrbija.rs\/en\/wp-json\/wp\/v2\/product\/178","targetHints":{"allow":["GET"]}}],"collection":[{"href":"https:\/\/autodijagnostikasrbija.rs\/en\/wp-json\/wp\/v2\/product"}],"about":[{"href":"https:\/\/autodijagnostikasrbija.rs\/en\/wp-json\/wp\/v2\/types\/product"}],"wp:featuredmedia":[{"embeddable":true,"href":"https:\/\/autodijagnostikasrbija.rs\/en\/wp-json\/wp\/v2\/media\/179"}],"wp:attachment":[{"href":"https:\/\/autodijagnostikasrbija.rs\/en\/wp-json\/wp\/v2\/media?parent=178"}],"wp:term":[{"taxonomy":"product_brand","embeddable":true,"href":"https:\/\/autodijagnostikasrbija.rs\/en\/wp-json\/wp\/v2\/product_brand?post=178"},{"taxonomy":"product_cat","embeddable":true,"href":"https:\/\/autodijagnostikasrbija.rs\/en\/wp-json\/wp\/v2\/product_cat?post=178"},{"taxonomy":"product_tag","embeddable":true,"href":"https:\/\/autodijagnostikasrbija.rs\/en\/wp-json\/wp\/v2\/product_tag?post=178"}],"curies":[{"name":"wp","href":"https:\/\/api.w.org\/{rel}","templated":true}]}}