{"id":426,"date":"2024-09-24T12:50:56","date_gmt":"2024-09-24T12:50:56","guid":{"rendered":"https:\/\/autodijagnostikasrbija.rs\/?post_type=product&#038;p=426"},"modified":"2025-11-19T20:49:48","modified_gmt":"2025-11-19T20:49:48","slug":"launch-i-tpms","status":"publish","type":"product","link":"https:\/\/autodijagnostikasrbija.rs\/en\/proizvod\/launch-i-tpms\/","title":{"rendered":"LAUNCH I-TPMS"},"content":{"rendered":"<div style=\"width: 1000px;\" class=\"wp-video\"><video class=\"wp-video-shortcode\" id=\"video-426-1\" width=\"1000\" height=\"563\" preload=\"metadata\" controls=\"controls\"><source type=\"video\/mp4\" src=\"https:\/\/autodijagnostikasrbija.rs\/wp-content\/uploads\/2024\/10\/video.mp4?_=1\" \/><a href=\"https:\/\/autodijagnostikasrbija.rs\/wp-content\/uploads\/2024\/10\/video.mp4\">https:\/\/autodijagnostikasrbija.rs\/wp-content\/uploads\/2024\/10\/video.mp4<\/a><\/video><\/div>","protected":false},"excerpt":{"rendered":"<p>I-TPMS terminal za detekciju pritiska u gumama je unapre\u0111eni model TSGUN. To je profesionalni alat za dijagnostiku pritiska u gumama koji integri\u0161e aktivaciju TPMS senzora, \u010ditanje, u\u010denje i programiranje. i-TPMS terminal za detekciju pritiska u gumama treba koristiti zajedno sa LAUNCH dijagnosti\u010dkom opremom. Mo\u017ee se koristiti zajedno sa i-TPMS aplikacijom za pametne telefone kako bi se zavr\u0161ile funkcije aktivacije pritiska u gumama, programiranja i kopiranja ID-a.<\/p>\n<p><strong>Features:<\/strong><\/p>\n<ul>\n<li>1.77-inch color screen<\/li>\n<li>i-TPMS covers over 98% of mainstream vehicles with a TPMS system available on the market.<\/li>\n<li>Experience TPMS service by connecting with the X-431 scanner or using it in standalone mode with the i-TPMS app.<\/li>\n<li>Supports all 315\/433MHz sensors.<\/li>\n<li>Binding with the X-431 scanner: Activation, programming, relearning, and diagnosing sensors.<\/li>\n<li>Standalone mode working with the i-TPMS app: Activation and programming for sensors.<\/li>\n<li>Supports unlimited programming for LAUNCH sensors as replacements for OE sensors.<\/li>\n<\/ul>","protected":false},"featured_media":1131,"template":"","meta":[],"product_brand":[],"product_cat":[20,28,29],"product_tag":[],"class_list":{"0":"post-426","1":"product","2":"type-product","3":"status-publish","4":"has-post-thumbnail","6":"product_cat-launch","7":"product_cat-tmps-senzori","8":"product_cat-testeri-akumulatora","10":"first","11":"instock","12":"shipping-taxable","13":"purchasable","14":"product-type-simple"},"jetpack_sharing_enabled":true,"_links":{"self":[{"href":"https:\/\/autodijagnostikasrbija.rs\/en\/wp-json\/wp\/v2\/product\/426","targetHints":{"allow":["GET"]}}],"collection":[{"href":"https:\/\/autodijagnostikasrbija.rs\/en\/wp-json\/wp\/v2\/product"}],"about":[{"href":"https:\/\/autodijagnostikasrbija.rs\/en\/wp-json\/wp\/v2\/types\/product"}],"wp:featuredmedia":[{"embeddable":true,"href":"https:\/\/autodijagnostikasrbija.rs\/en\/wp-json\/wp\/v2\/media\/1131"}],"wp:attachment":[{"href":"https:\/\/autodijagnostikasrbija.rs\/en\/wp-json\/wp\/v2\/media?parent=426"}],"wp:term":[{"taxonomy":"product_brand","embeddable":true,"href":"https:\/\/autodijagnostikasrbija.rs\/en\/wp-json\/wp\/v2\/product_brand?post=426"},{"taxonomy":"product_cat","embeddable":true,"href":"https:\/\/autodijagnostikasrbija.rs\/en\/wp-json\/wp\/v2\/product_cat?post=426"},{"taxonomy":"product_tag","embeddable":true,"href":"https:\/\/autodijagnostikasrbija.rs\/en\/wp-json\/wp\/v2\/product_tag?post=426"}],"curies":[{"name":"wp","href":"https:\/\/api.w.org\/{rel}","templated":true}]}}