{"id":460,"date":"2024-09-24T12:48:49","date_gmt":"2024-09-24T12:48:49","guid":{"rendered":"https:\/\/autodijagnostikasrbija.rs\/?post_type=product&#038;p=460"},"modified":"2026-04-10T23:27:47","modified_gmt":"2026-04-10T23:27:47","slug":"tpms-univerzalni-senzor-gumeni","status":"publish","type":"product","link":"https:\/\/autodijagnostikasrbija.rs\/en\/proizvod\/tpms-univerzalni-senzor-gumeni\/","title":{"rendered":"LAUNCH Senzor pritiska u gumama"},"content":{"rendered":"","protected":false},"excerpt":{"rendered":"<p><strong>LAUNCH LTR-03 RF GUMENI Senzor 315MHz &amp; 433MHz TPMS Senzorski Alat\u00a0\u00a0<\/strong><\/p>\n<p><strong>Glavne karakteristike:<\/strong><\/p>\n<ol>\n<li>Kombinuje 315MHz i 433MHz frekvencije u jednom senzoru.<\/li>\n<li>Pokriva 98% vozila, pru\u017eaju\u0107i najbolje TPMS re\u0161enje za popravke i prodavnice guma.<\/li>\n<li>Sadr\u017ei me\u0111unarodno priznati automobilski \u010dip, sa ta\u010dno\u0161\u0107u pritiska do 0,1 BAR.<\/li>\n<li>Visokoprecizni ventil za vazduh spre\u010dava curenje i garantuje dugotrajnost i stabilnost.<\/li>\n<li>Mo\u017ee zameniti originalne senzore pritiska, kopirati podatke sa originalnih senzora i programirati neograni\u010deno.<\/li>\n<li>Kompatibilan sa Launch i-TPMS ru\u010dnim ure\u0111ajem.<\/li>\n<\/ol>\n<p><strong>Features:<\/strong><\/p>\n<ol>\n<li>Kompatibilan sa vi\u0161e od 95% OE senzora.<\/li>\n<li>Kompatibilan sa OE senzorima na 315MHz\/433MHz.<\/li>\n<li>Programiranje bez \u017eica (over-the-air).<\/li>\n<li>Vek trajanja baterije od 4 do 6 godina.<\/li>\n<li>Neograni\u010den broj ponovnih programiranja za LAUNCH senzore.<\/li>\n<\/ol>\n<p>LTR-03 je RF senzor dizajniran i proizveden od strane LAUNCH-a, koji pru\u017ea pokrivanje 95% vozila i nudi najbolje TPMS re\u0161enje za radnje za popravke i prodavnice guma. Ovaj ure\u0111aj spaja 315MHz i 433MHz frekvencije u jednom senzoru.<\/p>","protected":false},"featured_media":461,"template":"","meta":[],"product_brand":[],"product_cat":[28],"product_tag":[],"class_list":{"0":"post-460","1":"product","2":"type-product","3":"status-publish","4":"has-post-thumbnail","6":"product_cat-tmps-senzori","8":"first","9":"instock","10":"sale","11":"shipping-taxable","12":"purchasable","13":"product-type-simple"},"jetpack_sharing_enabled":true,"_links":{"self":[{"href":"https:\/\/autodijagnostikasrbija.rs\/en\/wp-json\/wp\/v2\/product\/460","targetHints":{"allow":["GET"]}}],"collection":[{"href":"https:\/\/autodijagnostikasrbija.rs\/en\/wp-json\/wp\/v2\/product"}],"about":[{"href":"https:\/\/autodijagnostikasrbija.rs\/en\/wp-json\/wp\/v2\/types\/product"}],"wp:featuredmedia":[{"embeddable":true,"href":"https:\/\/autodijagnostikasrbija.rs\/en\/wp-json\/wp\/v2\/media\/461"}],"wp:attachment":[{"href":"https:\/\/autodijagnostikasrbija.rs\/en\/wp-json\/wp\/v2\/media?parent=460"}],"wp:term":[{"taxonomy":"product_brand","embeddable":true,"href":"https:\/\/autodijagnostikasrbija.rs\/en\/wp-json\/wp\/v2\/product_brand?post=460"},{"taxonomy":"product_cat","embeddable":true,"href":"https:\/\/autodijagnostikasrbija.rs\/en\/wp-json\/wp\/v2\/product_cat?post=460"},{"taxonomy":"product_tag","embeddable":true,"href":"https:\/\/autodijagnostikasrbija.rs\/en\/wp-json\/wp\/v2\/product_tag?post=460"}],"curies":[{"name":"wp","href":"https:\/\/api.w.org\/{rel}","templated":true}]}}