{"id":494,"date":"2024-10-13T00:18:02","date_gmt":"2024-10-13T00:18:02","guid":{"rendered":"https:\/\/autodijagnostikasrbija.rs\/?post_type=product&#038;p=494"},"modified":"2025-01-08T21:25:36","modified_gmt":"2025-01-08T21:25:36","slug":"shinemate-ep820-rotaciona-polir-masina","status":"publish","type":"product","link":"https:\/\/autodijagnostikasrbija.rs\/en\/proizvod\/shinemate-ep820-rotaciona-polir-masina\/","title":{"rendered":"SHINEMATE EP820 ROTACIONA POLIR MA\u0160INA"},"content":{"rendered":"<div class=\"video-shortcode\"><iframe title=\"ShineMate EP820 Rotary Polisher\" width=\"1000\" height=\"563\" src=\"https:\/\/www.youtube.com\/embed\/SiFbAQe6mYI?feature=oembed\" frameborder=\"0\" allow=\"accelerometer; autoplay; clipboard-write; encrypted-media; gyroscope; picture-in-picture; web-share\" referrerpolicy=\"strict-origin-when-cross-origin\" allowfullscreen><\/iframe><\/div>","protected":false},"excerpt":{"rendered":"<p>EP820 rotaciona polir ma\u0161ina \u2013 polirka dizajnirana za profesionalno auto poliranje<\/p>\n<ul>\n<li>Model: EP820<\/li>\n<li>Ulazna snaga: 1200W\uff08Max.1800W\uff09<\/li>\n<li>Brzina: 700-2500 o\/min<\/li>\n<li>Nosa\u010d: Standard 125mm(5\u2033); Max.150mm\uff086\u2033\uff09<\/li>\n<li>Sun\u0111er za poliranje (preporu\u010deno): 150mm(6\u2033)\uff1bMax.180mm\uff087\u2033\uff09<\/li>\n<li>Sistem zup\u010danika: Dvostruka redukcija<\/li>\n<li>Navoj: M14<\/li>\n<li>Te\u017eina: 2.2kg<\/li>\n<li>Pakovnje sadr\u017ei: nosa\u010d 125mm x1, bo\u010dna dr\u0161ka x1, klju\u010d x1<\/li>\n<\/ul>","protected":false},"featured_media":500,"template":"","meta":[],"product_brand":[],"product_cat":[33,37],"product_tag":[],"class_list":{"0":"post-494","1":"product","2":"type-product","3":"status-publish","4":"has-post-thumbnail","6":"product_cat-autodetailing","7":"product_cat-polirke","9":"first","10":"instock","11":"sale","12":"shipping-taxable","13":"purchasable","14":"product-type-simple"},"jetpack_sharing_enabled":true,"_links":{"self":[{"href":"https:\/\/autodijagnostikasrbija.rs\/en\/wp-json\/wp\/v2\/product\/494","targetHints":{"allow":["GET"]}}],"collection":[{"href":"https:\/\/autodijagnostikasrbija.rs\/en\/wp-json\/wp\/v2\/product"}],"about":[{"href":"https:\/\/autodijagnostikasrbija.rs\/en\/wp-json\/wp\/v2\/types\/product"}],"wp:featuredmedia":[{"embeddable":true,"href":"https:\/\/autodijagnostikasrbija.rs\/en\/wp-json\/wp\/v2\/media\/500"}],"wp:attachment":[{"href":"https:\/\/autodijagnostikasrbija.rs\/en\/wp-json\/wp\/v2\/media?parent=494"}],"wp:term":[{"taxonomy":"product_brand","embeddable":true,"href":"https:\/\/autodijagnostikasrbija.rs\/en\/wp-json\/wp\/v2\/product_brand?post=494"},{"taxonomy":"product_cat","embeddable":true,"href":"https:\/\/autodijagnostikasrbija.rs\/en\/wp-json\/wp\/v2\/product_cat?post=494"},{"taxonomy":"product_tag","embeddable":true,"href":"https:\/\/autodijagnostikasrbija.rs\/en\/wp-json\/wp\/v2\/product_tag?post=494"}],"curies":[{"name":"wp","href":"https:\/\/api.w.org\/{rel}","templated":true}]}}