{"id":499,"date":"2024-10-13T00:18:02","date_gmt":"2024-10-13T00:18:02","guid":{"rendered":"https:\/\/autodijagnostikasrbija.rs\/?post_type=product&#038;p=499"},"modified":"2025-01-08T21:25:42","modified_gmt":"2025-01-08T21:25:42","slug":"shinemate-ex620-5-15-orbitalna-polir-masina","status":"publish","type":"product","link":"https:\/\/autodijagnostikasrbija.rs\/en\/proizvod\/shinemate-ex620-5-15-orbitalna-polir-masina\/","title":{"rendered":"SHINEMATE EX620-5\/15 ORBITALNA POLIR MA\u0160INA"},"content":{"rendered":"<p><iframe title=\"YouTube video player\" src=\"https:\/\/www.youtube.com\/embed\/OIhqI31M34Q?si=HvjrYNVSRRcn2VQG\" width=\"100%\" height=\"450\" frameborder=\"0\" allowfullscreen=\"allowfullscreen\"><\/iframe><\/p>","protected":false},"excerpt":{"rendered":"<p>Ma\u0161ina za poliranje dizajnirana je ergonomski sa ne\u017enim izgledom, udobnim dr\u017eanjem i glatkim radom, \u0161to simbolizuje mehani\u010dku estetiku i jake performanse.<\/p>\n<ul>\n<li>Nominalna ulazna snaga: 800W (Max.1200W)<\/li>\n<li>Brzina (u slobodnom hodu): 3000-5800\/min<\/li>\n<li>Nosa\u010d sun\u0111era veli\u010dina: 5\u2033 (123mm)<\/li>\n<li>Te\u017eina: 2.6 kg<\/li>\n<li>Navoj: M8<\/li>\n<li>Sadr\u017eaj pakovanja: nosa\u010d, hex klju\u010d, crveni sun\u0111er x1, \u017euti sun\u0111er x1, krzno za poliranje x1, micro-fiber za poliranje x1<\/li>\n<li>Kabl za napajanje: 5 metara<\/li>\n<li>Veli\u010dina orbite: 15mm<\/li>\n<\/ul>","protected":false},"featured_media":503,"template":"","meta":[],"product_brand":[],"product_cat":[33,37],"product_tag":[],"class_list":{"0":"post-499","1":"product","2":"type-product","3":"status-publish","4":"has-post-thumbnail","6":"product_cat-autodetailing","7":"product_cat-polirke","9":"first","10":"instock","11":"shipping-taxable","12":"purchasable","13":"product-type-simple"},"jetpack_sharing_enabled":true,"_links":{"self":[{"href":"https:\/\/autodijagnostikasrbija.rs\/en\/wp-json\/wp\/v2\/product\/499","targetHints":{"allow":["GET"]}}],"collection":[{"href":"https:\/\/autodijagnostikasrbija.rs\/en\/wp-json\/wp\/v2\/product"}],"about":[{"href":"https:\/\/autodijagnostikasrbija.rs\/en\/wp-json\/wp\/v2\/types\/product"}],"wp:featuredmedia":[{"embeddable":true,"href":"https:\/\/autodijagnostikasrbija.rs\/en\/wp-json\/wp\/v2\/media\/503"}],"wp:attachment":[{"href":"https:\/\/autodijagnostikasrbija.rs\/en\/wp-json\/wp\/v2\/media?parent=499"}],"wp:term":[{"taxonomy":"product_brand","embeddable":true,"href":"https:\/\/autodijagnostikasrbija.rs\/en\/wp-json\/wp\/v2\/product_brand?post=499"},{"taxonomy":"product_cat","embeddable":true,"href":"https:\/\/autodijagnostikasrbija.rs\/en\/wp-json\/wp\/v2\/product_cat?post=499"},{"taxonomy":"product_tag","embeddable":true,"href":"https:\/\/autodijagnostikasrbija.rs\/en\/wp-json\/wp\/v2\/product_tag?post=499"}],"curies":[{"name":"wp","href":"https:\/\/api.w.org\/{rel}","templated":true}]}}