{"id":506,"date":"2024-10-13T00:18:01","date_gmt":"2024-10-13T00:18:01","guid":{"rendered":"https:\/\/autodijagnostikasrbija.rs\/?post_type=product&#038;p=506"},"modified":"2025-01-08T21:26:05","modified_gmt":"2025-01-08T21:26:05","slug":"shinemate-eb210-mini-multifunkcionalna-aku-polirka-set","status":"publish","type":"product","link":"https:\/\/autodijagnostikasrbija.rs\/en\/proizvod\/shinemate-eb210-mini-multifunkcionalna-aku-polirka-set\/","title":{"rendered":"SHINEMATE EB210 MINI MULTIFUNKCIONALNA AKU POLIRKA SET"},"content":{"rendered":"<div class=\"video-shortcode\"><iframe title=\"ShineMate EB210 Rotary&amp; Orbital Cordless polisher! With interchangeable working heads\" width=\"1000\" height=\"563\" src=\"https:\/\/www.youtube.com\/embed\/_RZcxWgQM8Y?start=1&#038;feature=oembed\" frameborder=\"0\" allow=\"accelerometer; autoplay; clipboard-write; encrypted-media; gyroscope; picture-in-picture; web-share\" referrerpolicy=\"strict-origin-when-cross-origin\" allowfullscreen><\/iframe><\/div>","protected":false},"excerpt":{"rendered":"<p>EB210 je baterijska\u00a0<strong>rotaciona<\/strong>\u00a0i\u00a0<strong>orbitalna<\/strong>\u00a0polir ma\u0161ina sa izmenjivim glavama radi lak\u0161eg i br\u017eeg rada.<\/p>\n<ul>\n<li>Orbita 12mm<\/li>\n<li>Rotaciona spora glava<\/li>\n<li>Rotaciona brza glava<\/li>\n<li>Brzina 3000 \u2013 8000 o\/min<\/li>\n<li>Volta\u017ea 10.8VDC<\/li>\n<li>Te\u017eina* 625g<\/li>\n<li>Dimenzije 231 x 57 x 61.5mm<\/li>\n<li>Aksesoari u pakovanju:<br \/>\n31mm nosa\u010d + polir sun\u0111eri i krzna,<br \/>\n48mm nosa\u010d + polir sun\u0111eri i krzna,<br \/>\n62mm nosa\u010d + polir sun\u0111eri i krzna,<br \/>\nbaterija x2 (2.5Ah),<br \/>\npunja\u010d x1 (sa dve baze punjenja),<br \/>\n\u017euti konusni sun\u0111er x1, oran\u017e konusni sun\u0111er x1,<br \/>\nset sun\u0111era za rotacionu glavu,<br \/>\nkju\u010d, kabl za napajanje<\/li>\n<\/ul>\n<p>*Te\u017eina samog alata, bez baterije ili dodataka<\/p>","protected":false},"featured_media":507,"template":"","meta":[],"product_brand":[],"product_cat":[33,37],"product_tag":[],"class_list":{"0":"post-506","1":"product","2":"type-product","3":"status-publish","4":"has-post-thumbnail","6":"product_cat-autodetailing","7":"product_cat-polirke","9":"first","10":"instock","11":"sale","12":"shipping-taxable","13":"purchasable","14":"product-type-simple"},"jetpack_sharing_enabled":true,"_links":{"self":[{"href":"https:\/\/autodijagnostikasrbija.rs\/en\/wp-json\/wp\/v2\/product\/506","targetHints":{"allow":["GET"]}}],"collection":[{"href":"https:\/\/autodijagnostikasrbija.rs\/en\/wp-json\/wp\/v2\/product"}],"about":[{"href":"https:\/\/autodijagnostikasrbija.rs\/en\/wp-json\/wp\/v2\/types\/product"}],"wp:featuredmedia":[{"embeddable":true,"href":"https:\/\/autodijagnostikasrbija.rs\/en\/wp-json\/wp\/v2\/media\/507"}],"wp:attachment":[{"href":"https:\/\/autodijagnostikasrbija.rs\/en\/wp-json\/wp\/v2\/media?parent=506"}],"wp:term":[{"taxonomy":"product_brand","embeddable":true,"href":"https:\/\/autodijagnostikasrbija.rs\/en\/wp-json\/wp\/v2\/product_brand?post=506"},{"taxonomy":"product_cat","embeddable":true,"href":"https:\/\/autodijagnostikasrbija.rs\/en\/wp-json\/wp\/v2\/product_cat?post=506"},{"taxonomy":"product_tag","embeddable":true,"href":"https:\/\/autodijagnostikasrbija.rs\/en\/wp-json\/wp\/v2\/product_tag?post=506"}],"curies":[{"name":"wp","href":"https:\/\/api.w.org\/{rel}","templated":true}]}}