{"id":511,"date":"2024-10-13T00:18:01","date_gmt":"2024-10-13T00:18:01","guid":{"rendered":"https:\/\/autodijagnostikasrbija.rs\/?post_type=product&#038;p=511"},"modified":"2025-01-08T21:26:15","modified_gmt":"2025-01-08T21:26:15","slug":"shinemate-ex603-orbitalna-polir-masina-12mm-sa-nosacem-75mm","status":"publish","type":"product","link":"https:\/\/autodijagnostikasrbija.rs\/en\/proizvod\/shinemate-ex603-orbitalna-polir-masina-12mm-sa-nosacem-75mm\/","title":{"rendered":"SHINEMATE EX603 ORBITALNA POLIR MA\u0160INA 12MM SA NOSA\u010cEM 75MM"},"content":{"rendered":"<div class=\"video-shortcode\"><iframe title=\"ShineMate EX603-3&quot; orbital polisher for efficient restoration, paint correction, detailing, refinish\" width=\"1000\" height=\"563\" src=\"https:\/\/www.youtube.com\/embed\/E_ZeyrDsjKw?feature=oembed\" frameborder=\"0\" allow=\"accelerometer; autoplay; clipboard-write; encrypted-media; gyroscope; picture-in-picture; web-share\" referrerpolicy=\"strict-origin-when-cross-origin\" allowfullscreen><\/iframe><\/div>","protected":false},"excerpt":{"rendered":"<p>EX603 Ekscentri\u010dna polir ma\u0161ina za delimi\u010dno (manje povr\u0161ine) poliranje<\/p>\n<ul>\n<li>Ulazna snaga: 500W<\/li>\n<li>Brzina: 2500-5500\/min<\/li>\n<li>Nosa\u010d pre\u010dnik: 74mm<\/li>\n<li>Pre\u010dnik sun\u0111era: 100mm<\/li>\n<li>Te\u017eina: 1,9 kg<\/li>\n<li>Navoj: 5\/16-24<\/li>\n<li>U pakovanju: 100mm sun\u0111er x 2, nosa\u010d 75mm x 1<\/li>\n<li>Kabl za napajanje: 5 metara<\/li>\n<li>Pre\u010dnik orbite: 12mm<\/li>\n<\/ul>","protected":false},"featured_media":512,"template":"","meta":[],"product_brand":[],"product_cat":[33,37],"product_tag":[],"class_list":{"0":"post-511","1":"product","2":"type-product","3":"status-publish","4":"has-post-thumbnail","6":"product_cat-autodetailing","7":"product_cat-polirke","9":"first","10":"instock","11":"shipping-taxable","12":"purchasable","13":"product-type-simple"},"jetpack_sharing_enabled":true,"_links":{"self":[{"href":"https:\/\/autodijagnostikasrbija.rs\/en\/wp-json\/wp\/v2\/product\/511","targetHints":{"allow":["GET"]}}],"collection":[{"href":"https:\/\/autodijagnostikasrbija.rs\/en\/wp-json\/wp\/v2\/product"}],"about":[{"href":"https:\/\/autodijagnostikasrbija.rs\/en\/wp-json\/wp\/v2\/types\/product"}],"wp:featuredmedia":[{"embeddable":true,"href":"https:\/\/autodijagnostikasrbija.rs\/en\/wp-json\/wp\/v2\/media\/512"}],"wp:attachment":[{"href":"https:\/\/autodijagnostikasrbija.rs\/en\/wp-json\/wp\/v2\/media?parent=511"}],"wp:term":[{"taxonomy":"product_brand","embeddable":true,"href":"https:\/\/autodijagnostikasrbija.rs\/en\/wp-json\/wp\/v2\/product_brand?post=511"},{"taxonomy":"product_cat","embeddable":true,"href":"https:\/\/autodijagnostikasrbija.rs\/en\/wp-json\/wp\/v2\/product_cat?post=511"},{"taxonomy":"product_tag","embeddable":true,"href":"https:\/\/autodijagnostikasrbija.rs\/en\/wp-json\/wp\/v2\/product_tag?post=511"}],"curies":[{"name":"wp","href":"https:\/\/api.w.org\/{rel}","templated":true}]}}