{"id":538,"date":"2024-10-13T00:18:01","date_gmt":"2024-10-13T00:18:01","guid":{"rendered":"https:\/\/autodijagnostikasrbija.rs\/?post_type=product&#038;p=538"},"modified":"2024-12-18T13:52:06","modified_gmt":"2024-12-18T13:52:06","slug":"maxshine-pistolj-za-pranje-tornador","status":"publish","type":"product","link":"https:\/\/autodijagnostikasrbija.rs\/en\/proizvod\/maxshine-pistolj-za-pranje-tornador\/","title":{"rendered":"MaxShine pi\u0161tolj za pranje Tornador"},"content":{"rendered":"<div style=\"width: 854px;\" class=\"wp-video\"><video class=\"wp-video-shortcode\" id=\"video-538-1\" width=\"854\" height=\"480\" preload=\"metadata\" controls=\"controls\"><source type=\"video\/mp4\" src=\"https:\/\/autodijagnostikasrbija.rs\/wp-content\/uploads\/2024\/10\/maxshine-tornador.mp4?_=1\" \/><a href=\"https:\/\/autodijagnostikasrbija.rs\/wp-content\/uploads\/2024\/10\/maxshine-tornador.mp4\">https:\/\/autodijagnostikasrbija.rs\/wp-content\/uploads\/2024\/10\/maxshine-tornador.mp4<\/a><\/video><\/div>","protected":false},"excerpt":{"rendered":"<p>Pi\u0161tolj za \u010di\u0161\u0107enje, manja potro\u0161nja vazduha i emisija buke. Zahteva manje odr\u017eavanja i manje je podlo\u017ean habanju. Zapremina boce 1000ml.<\/p>","protected":false},"featured_media":539,"template":"","meta":[],"product_brand":[],"product_cat":[50,33],"product_tag":[],"class_list":{"0":"post-538","1":"product","2":"type-product","3":"status-publish","4":"has-post-thumbnail","6":"product_cat-prskalice","7":"product_cat-autodetailing","9":"first","10":"instock","11":"shipping-taxable","12":"purchasable","13":"product-type-simple"},"jetpack_sharing_enabled":true,"_links":{"self":[{"href":"https:\/\/autodijagnostikasrbija.rs\/en\/wp-json\/wp\/v2\/product\/538","targetHints":{"allow":["GET"]}}],"collection":[{"href":"https:\/\/autodijagnostikasrbija.rs\/en\/wp-json\/wp\/v2\/product"}],"about":[{"href":"https:\/\/autodijagnostikasrbija.rs\/en\/wp-json\/wp\/v2\/types\/product"}],"wp:featuredmedia":[{"embeddable":true,"href":"https:\/\/autodijagnostikasrbija.rs\/en\/wp-json\/wp\/v2\/media\/539"}],"wp:attachment":[{"href":"https:\/\/autodijagnostikasrbija.rs\/en\/wp-json\/wp\/v2\/media?parent=538"}],"wp:term":[{"taxonomy":"product_brand","embeddable":true,"href":"https:\/\/autodijagnostikasrbija.rs\/en\/wp-json\/wp\/v2\/product_brand?post=538"},{"taxonomy":"product_cat","embeddable":true,"href":"https:\/\/autodijagnostikasrbija.rs\/en\/wp-json\/wp\/v2\/product_cat?post=538"},{"taxonomy":"product_tag","embeddable":true,"href":"https:\/\/autodijagnostikasrbija.rs\/en\/wp-json\/wp\/v2\/product_tag?post=538"}],"curies":[{"name":"wp","href":"https:\/\/api.w.org\/{rel}","templated":true}]}}