{"id":555,"date":"2024-10-13T00:13:41","date_gmt":"2024-10-13T00:13:41","guid":{"rendered":"https:\/\/autodijagnostikasrbija.rs\/?post_type=product&#038;p=555"},"modified":"2024-12-02T16:02:56","modified_gmt":"2024-12-02T16:02:56","slug":"scholl-s2-pasta-za-poliranje-visokih-performansi-500ml","status":"publish","type":"product","link":"https:\/\/autodijagnostikasrbija.rs\/en\/proizvod\/scholl-s2-pasta-za-poliranje-visokih-performansi-500ml\/","title":{"rendered":"SCHOLL S2 PASTA ZA POLIRANJE VISOKIH PERFORMANSI 500ML"},"content":{"rendered":"<p><iframe width=\"100%\" height=\"450\" src=\"https:\/\/www.youtube.com\/embed\/wLgwbMRT2mk?si=0dZUa4ollxVU7MCz\" title=\"YouTube video player\" frameborder=\"0\" allow=\"accelerometer; autoplay; clipboard-write; encrypted-media; gyroscope; picture-in-picture; web-share\" referrerpolicy=\"strict-origin-when-cross-origin\" allowfullscreen><\/iframe><\/p>","protected":false},"excerpt":{"rendered":"<p>S2 BLACK, izvanredna pasta za poliranje visokih performansi je specijalno razvijena za obradu detalja i primenu na kori\u0161c\u0301enim i o\u0161tec\u0301enim povr\u0161inama boje! Zahvaljujuc\u0301i izvanrednom i ekstremnom rezu, kao i vrhunskim karakteristikama visokog sjaja, uklanja \u010dak i najdublje i najte\u017ee nesavr\u0161enosti boje za nekoliko sekundi.<\/p>\n<p>S2 BLACK mo\u017ee se koristiti na rotacionim i orbitalnim ma\u0161inama za poliranje visokog hoda. Za najbolje rezultate preporu\u010dujemo upotrebu na\u0161eg inovativnog Sandwich-Spider sun\u0111era tamnoplavog kao i Premium sun\u0111er narand\u017easti.<\/p>","protected":false},"featured_media":556,"template":"","meta":[],"product_brand":[],"product_cat":[33,34],"product_tag":[],"class_list":{"0":"post-555","1":"product","2":"type-product","3":"status-publish","4":"has-post-thumbnail","6":"product_cat-autodetailing","7":"product_cat-paste-za-poliranje","9":"first","10":"instock","11":"shipping-taxable","12":"purchasable","13":"product-type-simple"},"jetpack_sharing_enabled":true,"_links":{"self":[{"href":"https:\/\/autodijagnostikasrbija.rs\/en\/wp-json\/wp\/v2\/product\/555","targetHints":{"allow":["GET"]}}],"collection":[{"href":"https:\/\/autodijagnostikasrbija.rs\/en\/wp-json\/wp\/v2\/product"}],"about":[{"href":"https:\/\/autodijagnostikasrbija.rs\/en\/wp-json\/wp\/v2\/types\/product"}],"wp:featuredmedia":[{"embeddable":true,"href":"https:\/\/autodijagnostikasrbija.rs\/en\/wp-json\/wp\/v2\/media\/556"}],"wp:attachment":[{"href":"https:\/\/autodijagnostikasrbija.rs\/en\/wp-json\/wp\/v2\/media?parent=555"}],"wp:term":[{"taxonomy":"product_brand","embeddable":true,"href":"https:\/\/autodijagnostikasrbija.rs\/en\/wp-json\/wp\/v2\/product_brand?post=555"},{"taxonomy":"product_cat","embeddable":true,"href":"https:\/\/autodijagnostikasrbija.rs\/en\/wp-json\/wp\/v2\/product_cat?post=555"},{"taxonomy":"product_tag","embeddable":true,"href":"https:\/\/autodijagnostikasrbija.rs\/en\/wp-json\/wp\/v2\/product_tag?post=555"}],"curies":[{"name":"wp","href":"https:\/\/api.w.org\/{rel}","templated":true}]}}