{"id":557,"date":"2024-10-13T10:43:02","date_gmt":"2024-10-13T10:43:02","guid":{"rendered":"https:\/\/autodijagnostikasrbija.rs\/?post_type=product&#038;p=557"},"modified":"2024-12-02T15:59:28","modified_gmt":"2024-12-02T15:59:28","slug":"scholl-concepts-s3-gold-xxl-pasta-za-poliranje-250g","status":"publish","type":"product","link":"https:\/\/autodijagnostikasrbija.rs\/en\/proizvod\/scholl-concepts-s3-gold-xxl-pasta-za-poliranje-250g\/","title":{"rendered":"SCHOLL CONCEPTS S3 GOLD XXL PASTA ZA POLIRANJE 250g"},"content":{"rendered":"","protected":false},"excerpt":{"rendered":"<p>Pasta visokih performansi S3 Gold je dizajnirana posebno za zavr\u0161ne radove na povr\u0161inama otpornim na ogrebotine, uklju\u010dujuc\u0301i UV o\u010dvrsnute boje. Zahvaljujuc\u0301i jedinstvenoj iPT tehnologiji (intelligent Powder Technology) koja je zasnovana na aluminijum oksidu visoke \u010distoc\u0301e, sada mo\u017eete jo\u0161 br\u017ee i lak\u0161e ukloniti nesavr\u0161enosti u zavr\u0161nom premazu. Izvanredan rez, sjajan sjaj nalik na ogledalo i lako rukovanje S3 c\u0301e vas uveriti.<\/p>\n<p>S3 Gold generalno se mo\u017ee koristiti sa svim SCHOLL su\u0111erima za poliranje. Za najbolje rezultate preporu\u010dujemo upotrebu inovativnog Sandwich-SpiderPad (crno\/belo) ili izuzetno tvrdog SpiderPad navy-blue \u2013 najnovije generacije pene za poliranje.<\/p>\n<p>\u201eDosledno lako\u201c \u2013 samo jedna smesa i jedan sun\u0111er za poliranje za skoro sve aplikacije na novim povr\u0161inama.<\/p>","protected":false},"featured_media":558,"template":"","meta":[],"product_brand":[],"product_cat":[33,34],"product_tag":[],"class_list":{"0":"post-557","1":"product","2":"type-product","3":"status-publish","4":"has-post-thumbnail","6":"product_cat-autodetailing","7":"product_cat-paste-za-poliranje","9":"first","10":"instock","11":"shipping-taxable","12":"purchasable","13":"product-type-simple"},"jetpack_sharing_enabled":true,"_links":{"self":[{"href":"https:\/\/autodijagnostikasrbija.rs\/en\/wp-json\/wp\/v2\/product\/557","targetHints":{"allow":["GET"]}}],"collection":[{"href":"https:\/\/autodijagnostikasrbija.rs\/en\/wp-json\/wp\/v2\/product"}],"about":[{"href":"https:\/\/autodijagnostikasrbija.rs\/en\/wp-json\/wp\/v2\/types\/product"}],"wp:featuredmedia":[{"embeddable":true,"href":"https:\/\/autodijagnostikasrbija.rs\/en\/wp-json\/wp\/v2\/media\/558"}],"wp:attachment":[{"href":"https:\/\/autodijagnostikasrbija.rs\/en\/wp-json\/wp\/v2\/media?parent=557"}],"wp:term":[{"taxonomy":"product_brand","embeddable":true,"href":"https:\/\/autodijagnostikasrbija.rs\/en\/wp-json\/wp\/v2\/product_brand?post=557"},{"taxonomy":"product_cat","embeddable":true,"href":"https:\/\/autodijagnostikasrbija.rs\/en\/wp-json\/wp\/v2\/product_cat?post=557"},{"taxonomy":"product_tag","embeddable":true,"href":"https:\/\/autodijagnostikasrbija.rs\/en\/wp-json\/wp\/v2\/product_tag?post=557"}],"curies":[{"name":"wp","href":"https:\/\/api.w.org\/{rel}","templated":true}]}}