{"id":561,"date":"2024-10-13T10:43:02","date_gmt":"2024-10-13T10:43:02","guid":{"rendered":"https:\/\/autodijagnostikasrbija.rs\/?post_type=product&#038;p=561"},"modified":"2024-12-02T15:59:45","modified_gmt":"2024-12-02T15:59:45","slug":"scholl-concepts-s30-swirl-remover-pasta-za-poliranje-1kg","status":"publish","type":"product","link":"https:\/\/autodijagnostikasrbija.rs\/en\/proizvod\/scholl-concepts-s30-swirl-remover-pasta-za-poliranje-1kg\/","title":{"rendered":"SCHOLL CONCEPTS S30+ SWIRL REMOVER PASTA ZA POLIRANJE 1kg"},"content":{"rendered":"","protected":false},"excerpt":{"rendered":"<p>Masa visokih performansi S30+ garantuje savr\u0161enu zavr\u0161nu obradu tamnih boja. Zahvaljujuc\u0301i jedinstvenoj formulaciji koja se zasniva na mikrofinom prahu aluminijum oksida visoke \u010distoc\u0301e, lake ogrebotine i umereni znaci habanja na zavr\u0161nom premazu, kao i tragovi vrtloga i hologrami od prethodnih aplikacija za poliranje, mogu se lako eliminisati i efikasno u samo jednom koraku.<\/p>\n<p>Formula \u201ejednostavnog \u010di\u0161c\u0301enja\u201c obezbe\u0111uje najbolja svojstva obrade na konvencionalnim povr\u0161inama boje koje su otporne na ogrebotine. Briljantan sjaj ovoe Premium paste poput ogledala c\u0301e vas uveriti.<\/p>\n<p>S30+ se generalno mo\u017ee primeniti sa svim SCHOLL sun\u0111erima za poliranje. Za najbolje rezultate preporu\u010dujemo upotrebu univerzalnog narand\u017eastog sun\u0111era za poliranje ili NEO SpiderPad-a. Ne preporu\u010duje se upotreba ekstra mekane crne podloge! S30+ se mo\u017ee primeniti sa rotacionim i orbitalnim ma\u0161inama za poliranje.<\/p>","protected":false},"featured_media":562,"template":"","meta":[],"product_brand":[],"product_cat":[33,34],"product_tag":[],"class_list":{"0":"post-561","1":"product","2":"type-product","3":"status-publish","4":"has-post-thumbnail","6":"product_cat-autodetailing","7":"product_cat-paste-za-poliranje","9":"first","10":"instock","11":"shipping-taxable","12":"purchasable","13":"product-type-simple"},"jetpack_sharing_enabled":true,"_links":{"self":[{"href":"https:\/\/autodijagnostikasrbija.rs\/en\/wp-json\/wp\/v2\/product\/561","targetHints":{"allow":["GET"]}}],"collection":[{"href":"https:\/\/autodijagnostikasrbija.rs\/en\/wp-json\/wp\/v2\/product"}],"about":[{"href":"https:\/\/autodijagnostikasrbija.rs\/en\/wp-json\/wp\/v2\/types\/product"}],"wp:featuredmedia":[{"embeddable":true,"href":"https:\/\/autodijagnostikasrbija.rs\/en\/wp-json\/wp\/v2\/media\/562"}],"wp:attachment":[{"href":"https:\/\/autodijagnostikasrbija.rs\/en\/wp-json\/wp\/v2\/media?parent=561"}],"wp:term":[{"taxonomy":"product_brand","embeddable":true,"href":"https:\/\/autodijagnostikasrbija.rs\/en\/wp-json\/wp\/v2\/product_brand?post=561"},{"taxonomy":"product_cat","embeddable":true,"href":"https:\/\/autodijagnostikasrbija.rs\/en\/wp-json\/wp\/v2\/product_cat?post=561"},{"taxonomy":"product_tag","embeddable":true,"href":"https:\/\/autodijagnostikasrbija.rs\/en\/wp-json\/wp\/v2\/product_tag?post=561"}],"curies":[{"name":"wp","href":"https:\/\/api.w.org\/{rel}","templated":true}]}}