{"id":563,"date":"2024-10-13T10:43:02","date_gmt":"2024-10-13T10:43:02","guid":{"rendered":"https:\/\/autodijagnostikasrbija.rs\/?post_type=product&#038;p=563"},"modified":"2026-04-03T13:19:23","modified_gmt":"2026-04-03T13:19:23","slug":"scholl-concepts-s40-anti-hologram-pasta-1l","status":"publish","type":"product","link":"https:\/\/autodijagnostikasrbija.rs\/en\/proizvod\/scholl-concepts-s40-anti-hologram-pasta-1l\/","title":{"rendered":"SCHOLL CONCEPTS S40 ANTI-HOLOGRAM PASTA 1L"},"content":{"rendered":"","protected":false},"excerpt":{"rendered":"<p>Mikrofina masa za poliranje za trajno uklanjanje izmaglica i holograma na tamnim bojama, kao i sitnih ogrebotina. S40 pru\u017ea izvanrednu zavr\u0161nu obradu i ostavlja neuporedivi duboki sjaj poput ogledala. Jednostavno rukovanje i laka primena.<br \/>\nPreporu\u010dujemo nano\u0161enje S40 u kombinaciji sa finom narand\u017eastom podlogom za poliranje.<br \/>\nNe preporu\u010duje se upotreba ekstra mekane crne podloge! S40 se mo\u017ee primeniti sa rotacionim i orbitalnim ma\u0161inama za poliranje.<\/p>","protected":false},"featured_media":564,"template":"","meta":[],"product_brand":[],"product_cat":[33,34],"product_tag":[],"class_list":{"0":"post-563","1":"product","2":"type-product","3":"status-publish","4":"has-post-thumbnail","6":"product_cat-autodetailing","7":"product_cat-paste-za-poliranje","9":"first","10":"instock","11":"shipping-taxable","12":"purchasable","13":"product-type-simple"},"jetpack_sharing_enabled":true,"_links":{"self":[{"href":"https:\/\/autodijagnostikasrbija.rs\/en\/wp-json\/wp\/v2\/product\/563","targetHints":{"allow":["GET"]}}],"collection":[{"href":"https:\/\/autodijagnostikasrbija.rs\/en\/wp-json\/wp\/v2\/product"}],"about":[{"href":"https:\/\/autodijagnostikasrbija.rs\/en\/wp-json\/wp\/v2\/types\/product"}],"wp:featuredmedia":[{"embeddable":true,"href":"https:\/\/autodijagnostikasrbija.rs\/en\/wp-json\/wp\/v2\/media\/564"}],"wp:attachment":[{"href":"https:\/\/autodijagnostikasrbija.rs\/en\/wp-json\/wp\/v2\/media?parent=563"}],"wp:term":[{"taxonomy":"product_brand","embeddable":true,"href":"https:\/\/autodijagnostikasrbija.rs\/en\/wp-json\/wp\/v2\/product_brand?post=563"},{"taxonomy":"product_cat","embeddable":true,"href":"https:\/\/autodijagnostikasrbija.rs\/en\/wp-json\/wp\/v2\/product_cat?post=563"},{"taxonomy":"product_tag","embeddable":true,"href":"https:\/\/autodijagnostikasrbija.rs\/en\/wp-json\/wp\/v2\/product_tag?post=563"}],"curies":[{"name":"wp","href":"https:\/\/api.w.org\/{rel}","templated":true}]}}